{"id":8841,"date":"2023-05-10T20:47:36","date_gmt":"2023-05-10T20:47:36","guid":{"rendered":"https:\/\/veraib.com\/?page_id=8841"},"modified":"2023-11-28T23:02:39","modified_gmt":"2023-11-28T23:02:39","slug":"contacts","status":"publish","type":"page","link":"https:\/\/veraib.com\/en\/contacts\/","title":{"rendered":"Contacts"},"content":{"rendered":"\t\t<div data-elementor-type=\"wp-post\" data-elementor-id=\"8841\" class=\"elementor elementor-8841 elementor-3869\">\n\t\t\t\t\t\t\t\t\t<section class=\"elementor-section elementor-top-section elementor-element elementor-element-6986309 elementor-section-boxed elementor-section-height-default elementor-section-height-default\" data-id=\"6986309\" data-element_type=\"section\" data-settings=\"{&quot;background_background&quot;:&quot;gradient&quot;}\">\n\t\t\t\t\t\t<div class=\"elementor-container elementor-column-gap-default\">\n\t\t\t\t\t<div class=\"elementor-column elementor-col-33 elementor-top-column elementor-element elementor-element-f641d2c\" data-id=\"f641d2c\" data-element_type=\"column\">\n\t\t\t<div class=\"elementor-widget-wrap\">\n\t\t\t\t\t\t\t\t\t<\/div>\n\t\t<\/div>\n\t\t\t\t<div class=\"elementor-column elementor-col-33 elementor-top-column elementor-element elementor-element-fb07ff7\" data-id=\"fb07ff7\" data-element_type=\"column\">\n\t\t\t<div class=\"elementor-widget-wrap elementor-element-populated\">\n\t\t\t\t\t\t\t\t<section class=\"elementor-section elementor-inner-section elementor-element elementor-element-be7c2cd elementor-section-boxed elementor-section-height-default elementor-section-height-default\" data-id=\"be7c2cd\" data-element_type=\"section\">\n\t\t\t\t\t\t<div class=\"elementor-container elementor-column-gap-default\">\n\t\t\t\t\t<div class=\"elementor-column elementor-col-100 elementor-inner-column elementor-element elementor-element-6cd4885\" data-id=\"6cd4885\" data-element_type=\"column\">\n\t\t\t<div class=\"elementor-widget-wrap elementor-element-populated\">\n\t\t\t\t\t\t\t\t<div class=\"elementor-element elementor-element-e4a33ee titulovera elementor-widget elementor-widget-heading\" data-id=\"e4a33ee\" data-element_type=\"widget\" data-widget_type=\"heading.default\">\n\t\t\t\t<div class=\"elementor-widget-container\">\n\t\t\t<style>\/*! elementor - v3.15.0 - 20-08-2023 *\/\n.elementor-heading-title{padding:0;margin:0;line-height:1}.elementor-widget-heading .elementor-heading-title[class*=elementor-size-]>a{color:inherit;font-size:inherit;line-height:inherit}.elementor-widget-heading .elementor-heading-title.elementor-size-small{font-size:15px}.elementor-widget-heading .elementor-heading-title.elementor-size-medium{font-size:19px}.elementor-widget-heading .elementor-heading-title.elementor-size-large{font-size:29px}.elementor-widget-heading .elementor-heading-title.elementor-size-xl{font-size:39px}.elementor-widget-heading .elementor-heading-title.elementor-size-xxl{font-size:59px}<\/style><h4 class=\"elementor-heading-title elementor-size-default\">Contact us<\/h4>\t\t<\/div>\n\t\t\t\t<\/div>\n\t\t\t\t\t<\/div>\n\t\t<\/div>\n\t\t\t\t\t\t\t<\/div>\n\t\t<\/section>\n\t\t\t\t<section class=\"elementor-section elementor-inner-section elementor-element elementor-element-da64f60 elementor-section-boxed elementor-section-height-default elementor-section-height-default\" data-id=\"da64f60\" data-element_type=\"section\">\n\t\t\t\t\t\t<div class=\"elementor-container elementor-column-gap-default\">\n\t\t\t\t\t<div class=\"elementor-column elementor-col-20 elementor-inner-column elementor-element elementor-element-6aa3c53\" data-id=\"6aa3c53\" data-element_type=\"column\">\n\t\t\t<div class=\"elementor-widget-wrap\">\n\t\t\t\t\t\t\t\t\t<\/div>\n\t\t<\/div>\n\t\t\t\t<div class=\"elementor-column elementor-col-20 elementor-inner-column elementor-element elementor-element-98c9dae\" data-id=\"98c9dae\" data-element_type=\"column\">\n\t\t\t<div class=\"elementor-widget-wrap elementor-element-populated\">\n\t\t\t\t\t\t\t\t<div class=\"elementor-element elementor-element-9157b84 elementor-view-default elementor-widget elementor-widget-icon\" data-id=\"9157b84\" data-element_type=\"widget\" data-widget_type=\"icon.default\">\n\t\t\t\t<div class=\"elementor-widget-container\">\n\t\t\t\t\t<div class=\"elementor-icon-wrapper\">\n\t\t\t<div class=\"elementor-icon\">\n\t\t\t<i aria-hidden=\"true\" class=\"far fa-envelope\"><\/i>\t\t\t<\/div>\n\t\t<\/div>\n\t\t\t\t<\/div>\n\t\t\t\t<\/div>\n\t\t\t\t\t<\/div>\n\t\t<\/div>\n\t\t\t\t<div class=\"elementor-column elementor-col-20 elementor-inner-column elementor-element elementor-element-48b0bce\" data-id=\"48b0bce\" data-element_type=\"column\">\n\t\t\t<div class=\"elementor-widget-wrap elementor-element-populated\">\n\t\t\t\t\t\t\t\t<div class=\"elementor-element elementor-element-5ee0a36 textobranco elementor-widget elementor-widget-text-editor\" data-id=\"5ee0a36\" data-element_type=\"widget\" data-widget_type=\"text-editor.default\">\n\t\t\t\t<div class=\"elementor-widget-container\">\n\t\t\t<style>\/*! elementor - v3.15.0 - 20-08-2023 *\/\n.elementor-widget-text-editor.elementor-drop-cap-view-stacked .elementor-drop-cap{background-color:#69727d;color:#fff}.elementor-widget-text-editor.elementor-drop-cap-view-framed .elementor-drop-cap{color:#69727d;border:3px solid;background-color:transparent}.elementor-widget-text-editor:not(.elementor-drop-cap-view-default) .elementor-drop-cap{margin-top:8px}.elementor-widget-text-editor:not(.elementor-drop-cap-view-default) .elementor-drop-cap-letter{width:1em;height:1em}.elementor-widget-text-editor .elementor-drop-cap{float:left;text-align:center;line-height:1;font-size:50px}.elementor-widget-text-editor .elementor-drop-cap-letter{display:inline-block}<\/style>\t\t\t\t<a href=\"mailto:Comercial@veraib.com\">Comercial@veraib.com<\/a>\t\t\t\t\t\t<\/div>\n\t\t\t\t<\/div>\n\t\t\t\t\t<\/div>\n\t\t<\/div>\n\t\t\t\t<div class=\"elementor-column elementor-col-20 elementor-inner-column elementor-element elementor-element-b8ad362\" data-id=\"b8ad362\" data-element_type=\"column\">\n\t\t\t<div class=\"elementor-widget-wrap elementor-element-populated\">\n\t\t\t\t\t\t\t\t<div class=\"elementor-element elementor-element-6fe63ad elementor-view-default elementor-widget elementor-widget-icon\" data-id=\"6fe63ad\" data-element_type=\"widget\" data-widget_type=\"icon.default\">\n\t\t\t\t<div class=\"elementor-widget-container\">\n\t\t\t\t\t<div class=\"elementor-icon-wrapper\">\n\t\t\t<div class=\"elementor-icon\">\n\t\t\t<i aria-hidden=\"true\" class=\"fab fa-whatsapp\"><\/i>\t\t\t<\/div>\n\t\t<\/div>\n\t\t\t\t<\/div>\n\t\t\t\t<\/div>\n\t\t\t\t\t<\/div>\n\t\t<\/div>\n\t\t\t\t<div class=\"elementor-column elementor-col-20 elementor-inner-column elementor-element elementor-element-d0215a2\" data-id=\"d0215a2\" data-element_type=\"column\">\n\t\t\t<div class=\"elementor-widget-wrap elementor-element-populated\">\n\t\t\t\t\t\t\t\t<div class=\"elementor-element elementor-element-b0040c5 textobranco elementor-widget__width-initial elementor-widget elementor-widget-text-editor\" data-id=\"b0040c5\" data-element_type=\"widget\" data-widget_type=\"text-editor.default\">\n\t\t\t\t<div class=\"elementor-widget-container\">\n\t\t\t\t\t\t\t<h6 style=\"text-align: left;\"><a href=\"https:\/\/wa.me\/351210403140\">+351 210 403 140<\/a>&nbsp; &nbsp;<a href=\"https:\/\/wa.me\/351210403140\"><span style=\"font-size: 10px; color: #ffffff; line-height: 10px; margin-top: 0px;\">(national fixed network call)<\/span><\/a>&nbsp;<\/h6>\t\t\t\t\t\t<\/div>\n\t\t\t\t<\/div>\n\t\t\t\t\t<\/div>\n\t\t<\/div>\n\t\t\t\t\t\t\t<\/div>\n\t\t<\/section>\n\t\t\t\t<section class=\"elementor-section elementor-inner-section elementor-element elementor-element-a11f04e elementor-section-boxed elementor-section-height-default elementor-section-height-default\" data-id=\"a11f04e\" data-element_type=\"section\">\n\t\t\t\t\t\t<div class=\"elementor-container elementor-column-gap-default\">\n\t\t\t\t\t<div class=\"elementor-column elementor-col-100 elementor-inner-column elementor-element elementor-element-bb06a70\" data-id=\"bb06a70\" data-element_type=\"column\">\n\t\t\t<div class=\"elementor-widget-wrap elementor-element-populated\">\n\t\t\t\t\t\t\t\t<div class=\"elementor-element elementor-element-25d4033 elementor-widget elementor-widget-spacer\" data-id=\"25d4033\" data-element_type=\"widget\" data-widget_type=\"spacer.default\">\n\t\t\t\t<div class=\"elementor-widget-container\">\n\t\t\t<style>\/*! elementor - v3.15.0 - 20-08-2023 *\/\n.elementor-column .elementor-spacer-inner{height:var(--spacer-size)}.e-con{--container-widget-width:100%}.e-con-inner>.elementor-widget-spacer,.e-con>.elementor-widget-spacer{width:var(--container-widget-width,var(--spacer-size));--align-self:var(--container-widget-align-self,initial);--flex-shrink:0}.e-con-inner>.elementor-widget-spacer>.elementor-widget-container,.e-con-inner>.elementor-widget-spacer>.elementor-widget-container>.elementor-spacer,.e-con>.elementor-widget-spacer>.elementor-widget-container,.e-con>.elementor-widget-spacer>.elementor-widget-container>.elementor-spacer{height:100%}.e-con-inner>.elementor-widget-spacer>.elementor-widget-container>.elementor-spacer>.elementor-spacer-inner,.e-con>.elementor-widget-spacer>.elementor-widget-container>.elementor-spacer>.elementor-spacer-inner{height:var(--container-widget-height,var(--spacer-size))}<\/style>\t\t<div class=\"elementor-spacer\">\n\t\t\t<div class=\"elementor-spacer-inner\"><\/div>\n\t\t<\/div>\n\t\t\t\t<\/div>\n\t\t\t\t<\/div>\n\t\t\t\t<div class=\"elementor-element elementor-element-f2d36c3 contactos elementor-widget elementor-widget-text-editor\" data-id=\"f2d36c3\" data-element_type=\"widget\" data-widget_type=\"text-editor.default\">\n\t\t\t\t<div class=\"elementor-widget-container\">\n\t\t\t\t\t\t\t<h4>Ask us for a demonstration<\/h4>\t\t\t\t\t\t<\/div>\n\t\t\t\t<\/div>\n\t\t\t\t<div class=\"elementor-element elementor-element-f457df0 contact-form elementor-widget elementor-widget-contact_form7\" data-id=\"f457df0\" data-element_type=\"widget\" data-widget_type=\"contact_form7.default\">\n\t\t\t\t<div class=\"elementor-widget-container\">\n\t\t\t        <div class=\"contact-form7\">\n<div class=\"wpcf7 no-js\" id=\"wpcf7-f8846-o1\" lang=\"en-US\" dir=\"ltr\">\n<div class=\"screen-reader-response\"><p role=\"status\" aria-live=\"polite\" aria-atomic=\"true\"><\/p> <ul><\/ul><\/div>\n<form action=\"\/en\/wp-json\/wp\/v2\/pages\/8841#wpcf7-f8846-o1\" method=\"post\" class=\"wpcf7-form init\" aria-label=\"Contact form\" novalidate=\"novalidate\" data-status=\"init\">\n<div style=\"display: none;\">\n<input type=\"hidden\" name=\"_wpcf7\" value=\"8846\" \/>\n<input type=\"hidden\" name=\"_wpcf7_version\" value=\"5.8\" \/>\n<input type=\"hidden\" name=\"_wpcf7_locale\" value=\"en_US\" \/>\n<input type=\"hidden\" name=\"_wpcf7_unit_tag\" value=\"wpcf7-f8846-o1\" \/>\n<input type=\"hidden\" name=\"_wpcf7_container_post\" value=\"0\" \/>\n<input type=\"hidden\" name=\"_wpcf7_posted_data_hash\" value=\"\" \/>\n<input type=\"hidden\" name=\"_wpcf7_recaptcha_response\" value=\"\" \/>\n<\/div>\n<div class=\"row\">\n\t<div class=\"col-md-6 form-group\">\n\t\t<p><label>First Name<\/label><span class=\"wpcf7-form-control-wrap\" data-name=\"your-name\"><input size=\"40\" class=\"wpcf7-form-control wpcf7-text wpcf7-validates-as-required form-control\" aria-required=\"true\" aria-invalid=\"false\" value=\"\" type=\"text\" name=\"your-name\" \/><\/span>\n\t\t<\/p>\n\t<\/div>\n\t<div class=\"col-md-6 form-group\">\n\t\t<p><label>Last Name<\/label><span class=\"wpcf7-form-control-wrap\" data-name=\"text-217\"><input size=\"40\" class=\"wpcf7-form-control wpcf7-text wpcf7-validates-as-required form-control\" aria-required=\"true\" aria-invalid=\"false\" value=\"\" type=\"text\" name=\"text-217\" \/><\/span>\n\t\t<\/p>\n\t<\/div>\n\t<div class=\"col-md-12 form-group\">\n\t\t<p><label>Email<\/label><span class=\"wpcf7-form-control-wrap\" data-name=\"email-176\"><input size=\"40\" class=\"wpcf7-form-control wpcf7-email wpcf7-validates-as-required wpcf7-text wpcf7-validates-as-email form-control\" aria-required=\"true\" aria-invalid=\"false\" value=\"\" type=\"email\" name=\"email-176\" \/><\/span>\n\t\t<\/p>\n\t<\/div>\n\t<div class=\"col-md-12 form-group\">\n\t\t<p><label>Company<\/label><span class=\"wpcf7-form-control-wrap\" data-name=\"text-796\"><input size=\"40\" class=\"wpcf7-form-control wpcf7-text form-control\" aria-invalid=\"false\" value=\"\" type=\"text\" name=\"text-796\" \/><\/span>\n\t\t<\/p>\n\t<\/div>\n\t<div class=\"col-md-6 form-group\">\n\t\t<p><label>Phone (Country | Number)<\/label><span class=\"wpcf7-form-control-wrap\" data-name=\"text-218\"><input size=\"40\" class=\"wpcf7-form-control wpcf7-text form-control\" aria-invalid=\"false\" value=\"\" type=\"text\" name=\"text-218\" \/><\/span>\n\t\t<\/p>\n\t<\/div>\n\t<div class=\"col-md-6 form-group\">\n\t\t<p><label>&nbsp;<\/label><span class=\"wpcf7-form-control-wrap\" data-name=\"text-219\"><input size=\"40\" class=\"wpcf7-form-control wpcf7-text form-control\" aria-invalid=\"false\" value=\"\" type=\"text\" name=\"text-219\" \/><\/span>\n\t\t<\/p>\n\t<\/div>\n\t<div class=\"col-md-12 form-group\">\n\t\t<p><label>How can we help?<\/label><span class=\"wpcf7-form-control-wrap\" data-name=\"your-message\"><textarea cols=\"40\" rows=\"10\" class=\"wpcf7-form-control wpcf7-textarea wpcf7-validates-as-required form-control\" aria-required=\"true\" aria-invalid=\"false\" name=\"your-message\"><\/textarea><\/span><br \/>\n<span class=\"wpcf7-form-control-wrap\" data-name=\"acceptance-231\"><span class=\"wpcf7-form-control wpcf7-acceptance\"><span class=\"wpcf7-list-item\"><label><input type=\"checkbox\" name=\"acceptance-231\" value=\"1\" class=\"aceitacao\" aria-invalid=\"false\" \/><span class=\"wpcf7-list-item-label\">I accept the submission. Of data. For contact response in accordance with our Privacy Policy<\/a><\/span><\/label><\/span><\/span><\/span>\n\t\t<\/p>\n\t<\/div>\n\t<div class=\"col-md-12 text-center mt-10px\">\n\t\t<p><input class=\"wpcf7-form-control wpcf7-submit has-spinner\" type=\"submit\" value=\"Let&#039;s do it\" \/>\n\t\t<\/p>\n\t<\/div>\n<\/div><div class=\"wpcf7-response-output\" aria-hidden=\"true\"><\/div>\n<\/form>\n<\/div>\n<\/div>\n        \t\t<\/div>\n\t\t\t\t<\/div>\n\t\t\t\t\t<\/div>\n\t\t<\/div>\n\t\t\t\t\t\t\t<\/div>\n\t\t<\/section>\n\t\t\t\t\t<\/div>\n\t\t<\/div>\n\t\t\t\t<div class=\"elementor-column elementor-col-33 elementor-top-column elementor-element elementor-element-93945bf\" data-id=\"93945bf\" data-element_type=\"column\">\n\t\t\t<div class=\"elementor-widget-wrap\">\n\t\t\t\t\t\t\t\t\t<\/div>\n\t\t<\/div>\n\t\t\t\t\t\t\t<\/div>\n\t\t<\/section>\n\t\t\t\t<section class=\"elementor-section elementor-top-section elementor-element elementor-element-e2b5c31 elementor-section-full_width elementor-section-height-default elementor-section-height-default\" data-id=\"e2b5c31\" data-element_type=\"section\">\n\t\t\t\t\t\t<div class=\"elementor-container elementor-column-gap-default\">\n\t\t\t\t\t<div class=\"elementor-column elementor-col-100 elementor-top-column elementor-element elementor-element-ab0eddc\" data-id=\"ab0eddc\" data-element_type=\"column\">\n\t\t\t<div class=\"elementor-widget-wrap\">\n\t\t\t\t\t\t\t\t\t<\/div>\n\t\t<\/div>\n\t\t\t\t\t\t\t<\/div>\n\t\t<\/section>\n\t\t\t\t\t\t\t<\/div>\n\t\t","protected":false},"excerpt":{"rendered":"<p>Contact us Comercial@veraib.com +351 210 403 140&nbsp; &nbsp;(national fixed network call)&nbsp; Ask us for a demonstration First Name Last Name Email Company Phone (Country | Number) &nbsp; How can we help? I accept the submission. Of data. For contact response in accordance with our Privacy Policy<\/p>\n","protected":false},"author":1,"featured_media":0,"parent":0,"menu_order":0,"comment_status":"closed","ping_status":"closed","template":"","meta":{"footnotes":""},"class_list":["post-8841","page","type-page","status-publish","hentry"],"yoast_head":"<!-- This site is optimized with the Yoast SEO plugin v21.0 - https:\/\/yoast.com\/wordpress\/plugins\/seo\/ -->\n<title>VERA Business Intelligence | Otimize o seu neg\u00f3cio - Contacts - VERA IB<\/title>\n<meta name=\"description\" content=\"A VERA Intelligence for Business \u00e9 uma solu\u00e7\u00e3o avan\u00e7ada de an\u00e1lise e tratamento de dados que transforma informa\u00e7\u00e3o em conhecimento preciso e acion\u00e1vel, de um modo claro e intuitivo. Contacts - VERA IB\" \/>\n<meta name=\"robots\" content=\"index, follow, max-snippet:-1, max-image-preview:large, max-video-preview:-1\" \/>\n<link rel=\"canonical\" href=\"https:\/\/veraib.com\/contactos\/\" \/>\n<meta property=\"og:locale\" content=\"en_US\" \/>\n<meta property=\"og:type\" content=\"article\" \/>\n<meta property=\"og:title\" content=\"VERA Business Intelligence | Otimize o seu neg\u00f3cio - Contacts - VERA IB\" \/>\n<meta property=\"og:description\" content=\"A VERA Intelligence for Business \u00e9 uma solu\u00e7\u00e3o avan\u00e7ada de an\u00e1lise e tratamento de dados que transforma informa\u00e7\u00e3o em conhecimento preciso e acion\u00e1vel, de um modo claro e intuitivo. Contacts - VERA IB\" \/>\n<meta property=\"og:url\" content=\"https:\/\/veraib.com\/contactos\/\" \/>\n<meta property=\"og:site_name\" content=\"VERA IB\" \/>\n<meta property=\"article:modified_time\" content=\"2023-11-28T23:02:39+00:00\" \/>\n<meta property=\"og:image\" content=\"https:\/\/veraib.com\/veraibdev\/wp-content\/uploads\/2024\/07\/VeraIB_Site_Solucoes_VeraRAC_.png\" \/>\n\t<meta property=\"og:image:width\" content=\"1200\" \/>\n\t<meta property=\"og:image:height\" content=\"900\" \/>\n\t<meta property=\"og:image:type\" content=\"image\/png\" \/>\n<meta name=\"twitter:card\" content=\"summary_large_image\" \/>\n<meta name=\"twitter:label1\" content=\"Est. reading time\" \/>\n\t<meta name=\"twitter:data1\" content=\"1 minute\" \/>\n<script type=\"application\/ld+json\" class=\"yoast-schema-graph\">{\"@context\":\"https:\/\/schema.org\",\"@graph\":[{\"@type\":\"WebPage\",\"@id\":\"https:\/\/veraib.com\/contactos\/\",\"url\":\"https:\/\/veraib.com\/contactos\/\",\"name\":\"VERA Business Intelligence | Otimize o seu neg\u00f3cio - Contacts - VERA IB\",\"isPartOf\":{\"@id\":\"https:\/\/veraib.com\/#website\"},\"datePublished\":\"2023-05-10T20:47:36+00:00\",\"dateModified\":\"2023-11-28T23:02:39+00:00\",\"description\":\"A VERA Intelligence for Business \u00e9 uma solu\u00e7\u00e3o avan\u00e7ada de an\u00e1lise e tratamento de dados que transforma informa\u00e7\u00e3o em conhecimento preciso e acion\u00e1vel, de um modo claro e intuitivo. Contacts - VERA IB\",\"breadcrumb\":{\"@id\":\"https:\/\/veraib.com\/contactos\/#breadcrumb\"},\"inLanguage\":\"en-US\",\"potentialAction\":[{\"@type\":\"ReadAction\",\"target\":[\"https:\/\/veraib.com\/contactos\/\"]}]},{\"@type\":\"BreadcrumbList\",\"@id\":\"https:\/\/veraib.com\/contactos\/#breadcrumb\",\"itemListElement\":[{\"@type\":\"ListItem\",\"position\":1,\"name\":\"Home\",\"item\":\"https:\/\/veraib.com\/en\/\"},{\"@type\":\"ListItem\",\"position\":2,\"name\":\"Contacts\"}]},{\"@type\":\"WebSite\",\"@id\":\"https:\/\/veraib.com\/#website\",\"url\":\"https:\/\/veraib.com\/\",\"name\":\"VERA IB - Intelligence for business | Otimize o seu neg\u00f3cio\",\"description\":\"A VERA Intelligence for Business \u00e9 uma solu\u00e7\u00e3o avan\u00e7ada de an\u00e1lise e tratamento de dados que transforma informa\u00e7\u00e3o em conhecimento preciso e acion\u00e1vel, de um modo claro e intuitivo.\",\"publisher\":{\"@id\":\"https:\/\/veraib.com\/#organization\"},\"potentialAction\":[{\"@type\":\"SearchAction\",\"target\":{\"@type\":\"EntryPoint\",\"urlTemplate\":\"https:\/\/veraib.com\/?s={search_term_string}\"},\"query-input\":\"required name=search_term_string\"}],\"inLanguage\":\"en-US\"},{\"@type\":\"Organization\",\"@id\":\"https:\/\/veraib.com\/#organization\",\"name\":\"VERA IB\",\"url\":\"https:\/\/veraib.com\/\",\"logo\":{\"@type\":\"ImageObject\",\"inLanguage\":\"en-US\",\"@id\":\"https:\/\/veraib.com\/#\/schema\/logo\/image\/\",\"url\":\"https:\/\/veraib.com\/veraibdev\/wp-content\/uploads\/2022\/10\/VeraIB_Logo_Site_202308_300__.png\",\"contentUrl\":\"https:\/\/veraib.com\/veraibdev\/wp-content\/uploads\/2022\/10\/VeraIB_Logo_Site_202308_300__.png\",\"width\":350,\"height\":100,\"caption\":\"VERA IB\"},\"image\":{\"@id\":\"https:\/\/veraib.com\/#\/schema\/logo\/image\/\"},\"sameAs\":[\"https:\/\/www.linkedin.com\/company\/86637947\/admin\/dashboard\/\"]}]}<\/script>\n<!-- \/ Yoast SEO plugin. -->","yoast_head_json":{"title":"VERA Business Intelligence | Otimize o seu neg\u00f3cio - Contacts - VERA IB","description":"A VERA Intelligence for Business \u00e9 uma solu\u00e7\u00e3o avan\u00e7ada de an\u00e1lise e tratamento de dados que transforma informa\u00e7\u00e3o em conhecimento preciso e acion\u00e1vel, de um modo claro e intuitivo. Contacts - VERA IB","robots":{"index":"index","follow":"follow","max-snippet":"max-snippet:-1","max-image-preview":"max-image-preview:large","max-video-preview":"max-video-preview:-1"},"canonical":"https:\/\/veraib.com\/contactos\/","og_locale":"en_US","og_type":"article","og_title":"VERA Business Intelligence | Otimize o seu neg\u00f3cio - Contacts - VERA IB","og_description":"A VERA Intelligence for Business \u00e9 uma solu\u00e7\u00e3o avan\u00e7ada de an\u00e1lise e tratamento de dados que transforma informa\u00e7\u00e3o em conhecimento preciso e acion\u00e1vel, de um modo claro e intuitivo. Contacts - VERA IB","og_url":"https:\/\/veraib.com\/contactos\/","og_site_name":"VERA IB","article_modified_time":"2023-11-28T23:02:39+00:00","og_image":[{"width":1200,"height":900,"url":"https:\/\/veraib.com\/veraibdev\/wp-content\/uploads\/2024\/07\/VeraIB_Site_Solucoes_VeraRAC_.png","type":"image\/png"}],"twitter_card":"summary_large_image","twitter_misc":{"Est. reading time":"1 minute"},"schema":{"@context":"https:\/\/schema.org","@graph":[{"@type":"WebPage","@id":"https:\/\/veraib.com\/contactos\/","url":"https:\/\/veraib.com\/contactos\/","name":"VERA Business Intelligence | Otimize o seu neg\u00f3cio - Contacts - VERA IB","isPartOf":{"@id":"https:\/\/veraib.com\/#website"},"datePublished":"2023-05-10T20:47:36+00:00","dateModified":"2023-11-28T23:02:39+00:00","description":"A VERA Intelligence for Business \u00e9 uma solu\u00e7\u00e3o avan\u00e7ada de an\u00e1lise e tratamento de dados que transforma informa\u00e7\u00e3o em conhecimento preciso e acion\u00e1vel, de um modo claro e intuitivo. Contacts - VERA IB","breadcrumb":{"@id":"https:\/\/veraib.com\/contactos\/#breadcrumb"},"inLanguage":"en-US","potentialAction":[{"@type":"ReadAction","target":["https:\/\/veraib.com\/contactos\/"]}]},{"@type":"BreadcrumbList","@id":"https:\/\/veraib.com\/contactos\/#breadcrumb","itemListElement":[{"@type":"ListItem","position":1,"name":"Home","item":"https:\/\/veraib.com\/en\/"},{"@type":"ListItem","position":2,"name":"Contacts"}]},{"@type":"WebSite","@id":"https:\/\/veraib.com\/#website","url":"https:\/\/veraib.com\/","name":"VERA IB - Intelligence for business | Otimize o seu neg\u00f3cio","description":"A VERA Intelligence for Business \u00e9 uma solu\u00e7\u00e3o avan\u00e7ada de an\u00e1lise e tratamento de dados que transforma informa\u00e7\u00e3o em conhecimento preciso e acion\u00e1vel, de um modo claro e intuitivo.","publisher":{"@id":"https:\/\/veraib.com\/#organization"},"potentialAction":[{"@type":"SearchAction","target":{"@type":"EntryPoint","urlTemplate":"https:\/\/veraib.com\/?s={search_term_string}"},"query-input":"required name=search_term_string"}],"inLanguage":"en-US"},{"@type":"Organization","@id":"https:\/\/veraib.com\/#organization","name":"VERA IB","url":"https:\/\/veraib.com\/","logo":{"@type":"ImageObject","inLanguage":"en-US","@id":"https:\/\/veraib.com\/#\/schema\/logo\/image\/","url":"https:\/\/veraib.com\/veraibdev\/wp-content\/uploads\/2022\/10\/VeraIB_Logo_Site_202308_300__.png","contentUrl":"https:\/\/veraib.com\/veraibdev\/wp-content\/uploads\/2022\/10\/VeraIB_Logo_Site_202308_300__.png","width":350,"height":100,"caption":"VERA IB"},"image":{"@id":"https:\/\/veraib.com\/#\/schema\/logo\/image\/"},"sameAs":["https:\/\/www.linkedin.com\/company\/86637947\/admin\/dashboard\/"]}]}},"_links":{"self":[{"href":"https:\/\/veraib.com\/en\/wp-json\/wp\/v2\/pages\/8841","targetHints":{"allow":["GET"]}}],"collection":[{"href":"https:\/\/veraib.com\/en\/wp-json\/wp\/v2\/pages"}],"about":[{"href":"https:\/\/veraib.com\/en\/wp-json\/wp\/v2\/types\/page"}],"author":[{"embeddable":true,"href":"https:\/\/veraib.com\/en\/wp-json\/wp\/v2\/users\/1"}],"replies":[{"embeddable":true,"href":"https:\/\/veraib.com\/en\/wp-json\/wp\/v2\/comments?post=8841"}],"version-history":[{"count":38,"href":"https:\/\/veraib.com\/en\/wp-json\/wp\/v2\/pages\/8841\/revisions"}],"predecessor-version":[{"id":9950,"href":"https:\/\/veraib.com\/en\/wp-json\/wp\/v2\/pages\/8841\/revisions\/9950"}],"wp:attachment":[{"href":"https:\/\/veraib.com\/en\/wp-json\/wp\/v2\/media?parent=8841"}],"curies":[{"name":"wp","href":"https:\/\/api.w.org\/{rel}","templated":true}]}}