{"id":8321,"date":"2023-05-16T20:57:46","date_gmt":"2023-05-16T20:57:46","guid":{"rendered":"https:\/\/veraib.com\/?page_id=8321"},"modified":"2024-08-27T10:53:10","modified_gmt":"2024-08-27T10:53:10","slug":"politica-de-privacidad","status":"publish","type":"page","link":"https:\/\/veraib.com\/es\/politica-de-privacidad\/","title":{"rendered":"Pol\u00edtica de Privacidad"},"content":{"rendered":"\t\t<div data-elementor-type=\"wp-page\" data-elementor-id=\"8321\" class=\"elementor elementor-8321 elementor-3\">\n\t\t\t\t\t\t\t\t\t<section class=\"elementor-section elementor-top-section elementor-element elementor-element-820ca76 elementor-section-full_width elementor-section-height-min-height elementor-section-height-default elementor-section-items-middle\" data-id=\"820ca76\" data-element_type=\"section\" data-settings=\"{&quot;background_background&quot;:&quot;classic&quot;}\">\n\t\t\t\t\t\t<div class=\"elementor-container elementor-column-gap-default\">\n\t\t\t\t\t<div class=\"elementor-column elementor-col-100 elementor-top-column elementor-element elementor-element-84bc16c\" data-id=\"84bc16c\" data-element_type=\"column\">\n\t\t\t<div class=\"elementor-widget-wrap\">\n\t\t\t\t\t\t\t\t\t<\/div>\n\t\t<\/div>\n\t\t\t\t\t\t\t<\/div>\n\t\t<\/section>\n\t\t\t\t<section class=\"elementor-section elementor-top-section elementor-element elementor-element-4dae1098 elementor-section-boxed elementor-section-height-default elementor-section-height-default\" data-id=\"4dae1098\" data-element_type=\"section\">\n\t\t\t\t\t\t<div class=\"elementor-container elementor-column-gap-default\">\n\t\t\t\t\t<div class=\"elementor-column elementor-col-100 elementor-top-column elementor-element elementor-element-45d204da\" data-id=\"45d204da\" data-element_type=\"column\">\n\t\t\t<div class=\"elementor-widget-wrap elementor-element-populated\">\n\t\t\t\t\t\t\t\t<div class=\"elementor-element elementor-element-1b392dd titulovera elementor-widget elementor-widget-text-editor\" data-id=\"1b392dd\" data-element_type=\"widget\" data-widget_type=\"text-editor.default\">\n\t\t\t\t<div class=\"elementor-widget-container\">\n\t\t\t<style>\/*! elementor - v3.15.0 - 20-08-2023 *\/\n.elementor-widget-text-editor.elementor-drop-cap-view-stacked .elementor-drop-cap{background-color:#69727d;color:#fff}.elementor-widget-text-editor.elementor-drop-cap-view-framed .elementor-drop-cap{color:#69727d;border:3px solid;background-color:transparent}.elementor-widget-text-editor:not(.elementor-drop-cap-view-default) .elementor-drop-cap{margin-top:8px}.elementor-widget-text-editor:not(.elementor-drop-cap-view-default) .elementor-drop-cap-letter{width:1em;height:1em}.elementor-widget-text-editor .elementor-drop-cap{float:left;text-align:center;line-height:1;font-size:50px}.elementor-widget-text-editor .elementor-drop-cap-letter{display:inline-block}<\/style>\t\t\t\t<h4>Pol\u00edtica de Privacidad y Cookies<\/h4>\t\t\t\t\t\t<\/div>\n\t\t\t\t<\/div>\n\t\t\t\t<div class=\"elementor-element elementor-element-4f005cd7 elementor-widget elementor-widget-text-editor\" data-id=\"4f005cd7\" data-element_type=\"widget\" data-widget_type=\"text-editor.default\">\n\t\t\t\t<div class=\"elementor-widget-container\">\n\t\t\t\t\t\t\t<h5>INTRODUCCI\u00d3N<\/h5>\n<p>Esta p\u00e1gina web personal se ha elaborado para divulgar los servicios de VERA IB. Al visitar esta p\u00e1gina web y acceder a los respetivos contenidos, el usuario acepta la Pol\u00edtica de Privacidad y T\u00e9rminos de Uso aqu\u00ed descritos.<\/p>\n<h5>POL\u00cdTICA DE PRIVACIDAD<\/h5>\n<p>Respetamos la privacidad de los visitantes en nuestra p\u00e1gina web y tomamos todos los cuidados para proteger las respetivas informaciones.<br \/>Esta Pol\u00edtica de Privacidad pretende informar sobre las informaciones que almacenamos y la forma como ser\u00e1n utilizadas, as\u00ed como las normas de seguridad adoptadas para proteger su identidad y sus datos personales, se aplican solo en las informaciones almacenadas a trav\u00e9s de nuestra p\u00e1gina web y no sobre las informaciones almacenadas mediante otras fuentes.<\/p>\n<h5>\u00bfQU\u00c9 TIPO DE INFORMACI\u00d3N ALMACENAMOS?<\/h5>\n<p>Se puede solicitar informaci\u00f3n personal como su nombre, direcci\u00f3n de correo electr\u00f3nico, contacto telef\u00f3nico, entre otros.<br \/>La informaci\u00f3n anteriormente referida se podr\u00e1 solicitar cuando se inscriba o complete un formulario de la p\u00e1gina web, cuando reciba o env\u00ede mensajes de correo electr\u00f3nico y para servicios que exijan un registro o una inscripci\u00f3n.<br \/>Usamos cookies para almacenar informaci\u00f3n sobre sus visitas a nuestra p\u00e1gina web y para mejorar su experiencia. Puede encontrar m\u00e1s informaci\u00f3n de como usamos cookies a continuaci\u00f3n en la secci\u00f3n \u201cUsos de cookies\u201d.<br \/>Cuando visita nuestra p\u00e1gina web, almacenamos datos conocidos como seguimiento de clics (direcci\u00f3n del servidor, nombre del dominio, etc.). Esta informaci\u00f3n\/datos se almacena de forma an\u00f3nima y sirve solo para an\u00e1lisis estad\u00edstico general, webmining, con el objetivo de mejorar nuestros servicios.<\/p>\n<h5>PROTECCI\u00d3N DE LA INFORMACI\u00d3N DE LOS VISITANTES<\/h5>\n<p>La informaci\u00f3n que nos suministra al visitar nuestra p\u00e1gina web, est\u00e1 protegida al amparo de varias medidas de seguridad, principalmente a trav\u00e9s de acceso condicionado, usos de protocolo SSL\/HTTPS y de salvaguardia de confidencialidad de la informaci\u00f3n.<br \/>Sin embargo, se alerta de que, al suministrar informaci\u00f3n personal online, existe un riesgo de que terceros puedan interceptar y utilizar esta informaci\u00f3n, por lo que en t\u00e9rminos de seguridad de cualquier informaci\u00f3n que divulgue online, lo har\u00e1 bajo su propia responsabilidad.<\/p>\n<h5>PRIVACIDAD Y MENORES (NI\u00d1OS\/AS Y J\u00d3VENES)<\/h5>\n<p>No existe intenci\u00f3n de almacenar informaci\u00f3n personal referente a menores de 18 a\u00f1os. En el caso de que alg\u00fan menor desee acceder a nuestra p\u00e1gina web y\/o adquirir productos disponibles en la misma, lo deber\u00e1 hacer bajo la supervisi\u00f3n parental o tutores legales, quedando prohibida la venta de bebidas alcoh\u00f3licas a menores de 18 a\u00f1os.<br \/>Asumimos que todas las informaciones recibidas en su p\u00e1gina web se env\u00edan a personas mayores de edad y responsables. Si os progenitores o tutor legal del menor pretenden eliminar los datos personales del menor de la base de datos y cancelar eventuales transacciones comerciales, deber\u00e1n entrar en contacto con nosotros a trav\u00e9s del correo electr\u00f3nico que se indica en la p\u00e1gina de contactos.<\/p>\n<h5>USO DE COOKIES<\/h5>\n<p>Usamos cookies en nuestra p\u00e1gina web para mejorar su cometido y su experiencia como usuario. En el caso de que pretenda desactivar todas las cookies, debe activar en su ordenador el aviso del uso de cookies y\/o instalar un aplicativo en su navegador web que indique las cookies que nuestra p\u00e1gina web utiliza. Siempre que desactive alguna cookie podr\u00e1 necesitar ajustar las definiciones de su navegador web.<br \/>Para m\u00e1s informaci\u00f3n sobre cookies, puede consultar algunas p\u00e1ginas web, como <a href=\"https:\/\/aboutcookies.org\">https:\/\/aboutcookies.org<\/a>, <a href=\"https:\/\/www.aboutcookies.org\">https:\/\/www.aboutcookies.org<\/a>, <a href=\"https:\/\/www.allaboutcookies.org\">https:\/\/www.allaboutcookies.org<\/a>, entre otras.<\/p>\n<h5>CONSENTIMIENTO DEL TITULAR DE DATOS<\/h5>\n<p>Al usar nuestra p\u00e1gina web confirma que acepta los t\u00e9rminos de esta Pol\u00edtica de Privacidad. En el caso de que no est\u00e9 de acuerdo con los t\u00e9rminos de nuestra Pol\u00edtica de Privacidad se le solicita que no suministre informaci\u00f3n personal y que cese la navegaci\u00f3n en nuestra p\u00e1gina web.<\/p>\n<h5>DERECHOS DEL TITULAR DE DATOS<\/h5>\n<p><strong>Derecho de Acceso<\/strong><br \/>El titular de datos tiene derecho a acceder a sus datos personales y a otras informaciones relacionadas, como la finalidad de tratamiento, los destinatarios a quienes se divulgan los datos, as\u00ed como el plazo de conservaci\u00f3n.<\/p>\n<p><strong>Derecho de Rectificaci\u00f3n<\/strong><br \/>El titular de datos tiene el derecho de obtener la rectificaci\u00f3n de los datos personales correspondientes, en el caso de que compruebe que los datos se encuentran incorrectos, incompletos o inexactos.<\/p>\n<p><strong>Derecho a que se borren los datos o Derecho a ser olvidado<\/strong><br \/>El titular de datos tiene derecho a pedir que se borren sus datos, si no existen fundamentos legales o de inter\u00e9s p\u00fablico que justifiquen la conservaci\u00f3n de los referidos datos personales.<\/p>\n<p><strong>Derecho a la limitaci\u00f3n del tratamiento<\/strong><br \/>El titular de datos tiene derecho a solicitar la limitaci\u00f3n en el tratamiento de sus datos personales, a ciertas categor\u00edas de datos o finalidades de tratamiento.<\/p>\n<p><strong>Derecho a la portabilidad de los datos<\/strong><br \/>El titular de datos tiene derecho a recibir los datos personales correspondientes en formato digital o solicitar la transmisi\u00f3n directa de sus datos a otras entidades (en el caso de que sea t\u00e9cnicamente posible).<\/p>\n<p><strong>Derecho de oposici\u00f3n<\/strong><br \/>El titular de datos tiene derecho a oponerse al tratamiento de sus datos. Sin embargo, los fundamentos legales o de inter\u00e9s p\u00fablico pueden prevalecer sobre este derecho.<\/p>\n<p><strong>Derecho a retirar el consentimiento<\/strong><br \/>El titular de datos tiene el derecho a retirar su consentimiento, en lo que se refiere al tratamiento de sus datos personales.<\/p>\n<p>Nos reservamos el derecho de cobrar una peque\u00f1a tasa (valor por definir) para costes administrativos e inform\u00e1ticos para cualquier solicitud efectuada.<\/p>\n<h5>PROCEDIMIENTOS PARA EL EJERCICIO DE LOS DERECHOS DEL TITULAR DE DATOS<\/h5>\n<p>El titular de datos puede ejercer sus derechos contact\u00e1ndonos a trav\u00e9s del correo electr\u00f3nico indicado en la p\u00e1gina de los contactos u otro contacto disponible en nuestra p\u00e1gina web.<\/p>\n<h5>NUESTRO CONTACTO<\/h5>\n<p>En el caso de que tenga dudas o comentarios relacionados con nuestra p\u00e1gina web y\/o sobre esta pol\u00edtica de privacidad, puede entrar en contacto con nosotros a trav\u00e9s de los contactos disponibles en nuestra p\u00e1gina de contactos.<\/p>\n<h5>T\u00c9RMINOS DE USO<\/h5>\n<p>Nos reservamos el derecho a alterar la presente Pol\u00edtica de Privacidad en cualquier momento. En el caso de modificaci\u00f3n de la Pol\u00edtica de Privacidad, la fecha de la \u00faltima alteraci\u00f3n, que est\u00e1 disponible al final de esta p\u00e1gina, tambi\u00e9n se actualiza.<\/p>\n<p>ALTERACIONES A LA POL\u00cdTICA DE PRIVACIDAD<\/p>\n<p>Queda expresamente vetado el acceso a los contenidos de la p\u00e1gina web mediante cualquier otro medio que no sea a trav\u00e9s de la direcci\u00f3n <a href=\"https:\/\/veraib.com\">https:\/\/veraib.com<\/a> , as\u00ed como el acceso (o la tentativa de acceso) a la p\u00e1gina web a trav\u00e9s de medios automatizados (incluido el uso de scripts o web crawlers).<br \/>Queda expresamente prohibido el uso de la p\u00e1gina web para otros fines que no sean los que se destinan en esta p\u00e1gina, incluidos fines ilegales o cualquier otro que se pueda considerar perjudicial para la imagen de la empresa en el mercado. La usurpaci\u00f3n, falsificaci\u00f3n, aprovechamiento del contenido usurpado o falsificado, la identificaci\u00f3n ileg\u00edtima y la competencia desleal ser\u00e1n punibles legalmente.<br \/>Tambi\u00e9n se proh\u00edbe crear o introducir en esta p\u00e1gina web cualquier tipo de virus o software malicioso que perjudique su funcionamiento, o ponga en causa la seguridad de la informaci\u00f3n de quien accede.<br \/>En el caso de no estar de acuerdo con los T\u00e9rminos y Usos se solicita que no nos suministre informaci\u00f3n personal y cese su uso en nuestra p\u00e1gina web.<br \/>Nos reservamos el derecho a alterar los T\u00e9rminos de Uso en cualquier momento. En el caso de modificaci\u00f3n, la fecha de la \u00faltima alteraci\u00f3n, disponible al final de esta p\u00e1gina, tambi\u00e9n se actualiza.<\/p>\n<p style=\"text-align: right;\"><strong>\u00daltima actualizaci\u00f3n: 20 de diciembre de 2022<\/strong><\/p>\t\t\t\t\t\t<\/div>\n\t\t\t\t<\/div>\n\t\t\t\t\t<\/div>\n\t\t<\/div>\n\t\t\t\t\t\t\t<\/div>\n\t\t<\/section>\n\t\t\t\t\t\t\t<\/div>\n\t\t","protected":false},"excerpt":{"rendered":"<p>Pol\u00edtica de Privacidad y Cookies INTRODUCCI\u00d3N Esta p\u00e1gina web personal se ha elaborado para divulgar los servicios de VERA IB. Al visitar esta p\u00e1gina web y acceder a los respetivos contenidos, el usuario acepta la Pol\u00edtica de Privacidad y T\u00e9rminos de Uso aqu\u00ed descritos. POL\u00cdTICA DE PRIVACIDAD Respetamos la privacidad de los visitantes en nuestra &hellip; <\/p>\n","protected":false},"author":1,"featured_media":0,"parent":0,"menu_order":0,"comment_status":"closed","ping_status":"closed","template":"","meta":{"footnotes":""},"class_list":["post-8321","page","type-page","status-publish","hentry"],"yoast_head":"<!-- This site is optimized with the Yoast SEO plugin v21.0 - https:\/\/yoast.com\/wordpress\/plugins\/seo\/ -->\n<title>VERA Intelligence for Business | Pol\u00edtica de Privacidad<\/title>\n<meta name=\"description\" content=\"En esta Pol\u00edtica de Privacidad, puede encontrar toda la informaci\u00f3n necesaria para comprender mejor c\u00f3mo tratamos sus datos personales.\" \/>\n<meta name=\"robots\" content=\"index, follow, max-snippet:-1, max-image-preview:large, max-video-preview:-1\" \/>\n<link rel=\"canonical\" href=\"https:\/\/veraib.com\/es\/politica-de-privacidad\/\" \/>\n<meta property=\"og:locale\" content=\"es_ES\" \/>\n<meta property=\"og:type\" content=\"article\" \/>\n<meta property=\"og:title\" content=\"VERA Intelligence for Business | Pol\u00edtica de Privacidad\" \/>\n<meta property=\"og:description\" content=\"En esta Pol\u00edtica de Privacidad, puede encontrar toda la informaci\u00f3n necesaria para comprender mejor c\u00f3mo tratamos sus datos personales.\" \/>\n<meta property=\"og:url\" content=\"https:\/\/veraib.com\/es\/politica-de-privacidad\/\" \/>\n<meta property=\"og:site_name\" content=\"VERA IB\" \/>\n<meta property=\"article:modified_time\" content=\"2024-08-27T10:53:10+00:00\" \/>\n<meta property=\"og:image\" content=\"https:\/\/veraib.com\/veraibdev\/wp-content\/uploads\/2024\/07\/VeraIB_Site_Solucoes_VeraRAC_.png\" \/>\n\t<meta property=\"og:image:width\" content=\"1200\" \/>\n\t<meta property=\"og:image:height\" content=\"900\" \/>\n\t<meta property=\"og:image:type\" content=\"image\/png\" \/>\n<meta name=\"twitter:card\" content=\"summary_large_image\" \/>\n<meta name=\"twitter:label1\" content=\"Est. reading time\" \/>\n\t<meta name=\"twitter:data1\" content=\"6 minutes\" \/>\n<script type=\"application\/ld+json\" class=\"yoast-schema-graph\">{\"@context\":\"https:\/\/schema.org\",\"@graph\":[{\"@type\":\"WebPage\",\"@id\":\"https:\/\/veraib.com\/es\/politica-de-privacidad\/\",\"url\":\"https:\/\/veraib.com\/es\/politica-de-privacidad\/\",\"name\":\"VERA Intelligence for Business | Pol\u00edtica de Privacidad\",\"isPartOf\":{\"@id\":\"https:\/\/veraib.com\/#website\"},\"datePublished\":\"2023-05-16T20:57:46+00:00\",\"dateModified\":\"2024-08-27T10:53:10+00:00\",\"description\":\"En esta Pol\u00edtica de Privacidad, puede encontrar toda la informaci\u00f3n necesaria para comprender mejor c\u00f3mo tratamos sus datos personales.\",\"breadcrumb\":{\"@id\":\"https:\/\/veraib.com\/es\/politica-de-privacidad\/#breadcrumb\"},\"inLanguage\":\"es-ES\",\"potentialAction\":[{\"@type\":\"ReadAction\",\"target\":[\"https:\/\/veraib.com\/es\/politica-de-privacidad\/\"]}]},{\"@type\":\"BreadcrumbList\",\"@id\":\"https:\/\/veraib.com\/es\/politica-de-privacidad\/#breadcrumb\",\"itemListElement\":[{\"@type\":\"ListItem\",\"position\":1,\"name\":\"Home\",\"item\":\"https:\/\/veraib.com\/es\/\"},{\"@type\":\"ListItem\",\"position\":2,\"name\":\"Pol\u00edtica de Privacidad\"}]},{\"@type\":\"WebSite\",\"@id\":\"https:\/\/veraib.com\/#website\",\"url\":\"https:\/\/veraib.com\/\",\"name\":\"VERA IB - Intelligence for business | Otimize o seu neg\u00f3cio\",\"description\":\"A VERA Intelligence for Business \u00e9 uma solu\u00e7\u00e3o avan\u00e7ada de an\u00e1lise e tratamento de dados que transforma informa\u00e7\u00e3o em conhecimento preciso e acion\u00e1vel, de um modo claro e intuitivo.\",\"publisher\":{\"@id\":\"https:\/\/veraib.com\/#organization\"},\"potentialAction\":[{\"@type\":\"SearchAction\",\"target\":{\"@type\":\"EntryPoint\",\"urlTemplate\":\"https:\/\/veraib.com\/?s={search_term_string}\"},\"query-input\":\"required name=search_term_string\"}],\"inLanguage\":\"es-ES\"},{\"@type\":\"Organization\",\"@id\":\"https:\/\/veraib.com\/#organization\",\"name\":\"VERA IB\",\"url\":\"https:\/\/veraib.com\/\",\"logo\":{\"@type\":\"ImageObject\",\"inLanguage\":\"es-ES\",\"@id\":\"https:\/\/veraib.com\/#\/schema\/logo\/image\/\",\"url\":\"https:\/\/veraib.com\/veraibdev\/wp-content\/uploads\/2022\/10\/VeraIB_Logo_Site_202308_300__.png\",\"contentUrl\":\"https:\/\/veraib.com\/veraibdev\/wp-content\/uploads\/2022\/10\/VeraIB_Logo_Site_202308_300__.png\",\"width\":350,\"height\":100,\"caption\":\"VERA IB\"},\"image\":{\"@id\":\"https:\/\/veraib.com\/#\/schema\/logo\/image\/\"},\"sameAs\":[\"https:\/\/www.linkedin.com\/company\/86637947\/admin\/dashboard\/\"]}]}<\/script>\n<!-- \/ Yoast SEO plugin. -->","yoast_head_json":{"title":"VERA Intelligence for Business | Pol\u00edtica de Privacidad","description":"En esta Pol\u00edtica de Privacidad, puede encontrar toda la informaci\u00f3n necesaria para comprender mejor c\u00f3mo tratamos sus datos personales.","robots":{"index":"index","follow":"follow","max-snippet":"max-snippet:-1","max-image-preview":"max-image-preview:large","max-video-preview":"max-video-preview:-1"},"canonical":"https:\/\/veraib.com\/es\/politica-de-privacidad\/","og_locale":"es_ES","og_type":"article","og_title":"VERA Intelligence for Business | Pol\u00edtica de Privacidad","og_description":"En esta Pol\u00edtica de Privacidad, puede encontrar toda la informaci\u00f3n necesaria para comprender mejor c\u00f3mo tratamos sus datos personales.","og_url":"https:\/\/veraib.com\/es\/politica-de-privacidad\/","og_site_name":"VERA IB","article_modified_time":"2024-08-27T10:53:10+00:00","og_image":[{"width":1200,"height":900,"url":"https:\/\/veraib.com\/veraibdev\/wp-content\/uploads\/2024\/07\/VeraIB_Site_Solucoes_VeraRAC_.png","type":"image\/png"}],"twitter_card":"summary_large_image","twitter_misc":{"Est. reading time":"6 minutes"},"schema":{"@context":"https:\/\/schema.org","@graph":[{"@type":"WebPage","@id":"https:\/\/veraib.com\/es\/politica-de-privacidad\/","url":"https:\/\/veraib.com\/es\/politica-de-privacidad\/","name":"VERA Intelligence for Business | Pol\u00edtica de Privacidad","isPartOf":{"@id":"https:\/\/veraib.com\/#website"},"datePublished":"2023-05-16T20:57:46+00:00","dateModified":"2024-08-27T10:53:10+00:00","description":"En esta Pol\u00edtica de Privacidad, puede encontrar toda la informaci\u00f3n necesaria para comprender mejor c\u00f3mo tratamos sus datos personales.","breadcrumb":{"@id":"https:\/\/veraib.com\/es\/politica-de-privacidad\/#breadcrumb"},"inLanguage":"es-ES","potentialAction":[{"@type":"ReadAction","target":["https:\/\/veraib.com\/es\/politica-de-privacidad\/"]}]},{"@type":"BreadcrumbList","@id":"https:\/\/veraib.com\/es\/politica-de-privacidad\/#breadcrumb","itemListElement":[{"@type":"ListItem","position":1,"name":"Home","item":"https:\/\/veraib.com\/es\/"},{"@type":"ListItem","position":2,"name":"Pol\u00edtica de Privacidad"}]},{"@type":"WebSite","@id":"https:\/\/veraib.com\/#website","url":"https:\/\/veraib.com\/","name":"VERA IB - Intelligence for business | Otimize o seu neg\u00f3cio","description":"A VERA Intelligence for Business \u00e9 uma solu\u00e7\u00e3o avan\u00e7ada de an\u00e1lise e tratamento de dados que transforma informa\u00e7\u00e3o em conhecimento preciso e acion\u00e1vel, de um modo claro e intuitivo.","publisher":{"@id":"https:\/\/veraib.com\/#organization"},"potentialAction":[{"@type":"SearchAction","target":{"@type":"EntryPoint","urlTemplate":"https:\/\/veraib.com\/?s={search_term_string}"},"query-input":"required name=search_term_string"}],"inLanguage":"es-ES"},{"@type":"Organization","@id":"https:\/\/veraib.com\/#organization","name":"VERA IB","url":"https:\/\/veraib.com\/","logo":{"@type":"ImageObject","inLanguage":"es-ES","@id":"https:\/\/veraib.com\/#\/schema\/logo\/image\/","url":"https:\/\/veraib.com\/veraibdev\/wp-content\/uploads\/2022\/10\/VeraIB_Logo_Site_202308_300__.png","contentUrl":"https:\/\/veraib.com\/veraibdev\/wp-content\/uploads\/2022\/10\/VeraIB_Logo_Site_202308_300__.png","width":350,"height":100,"caption":"VERA IB"},"image":{"@id":"https:\/\/veraib.com\/#\/schema\/logo\/image\/"},"sameAs":["https:\/\/www.linkedin.com\/company\/86637947\/admin\/dashboard\/"]}]}},"_links":{"self":[{"href":"https:\/\/veraib.com\/es\/wp-json\/wp\/v2\/pages\/8321","targetHints":{"allow":["GET"]}}],"collection":[{"href":"https:\/\/veraib.com\/es\/wp-json\/wp\/v2\/pages"}],"about":[{"href":"https:\/\/veraib.com\/es\/wp-json\/wp\/v2\/types\/page"}],"author":[{"embeddable":true,"href":"https:\/\/veraib.com\/es\/wp-json\/wp\/v2\/users\/1"}],"replies":[{"embeddable":true,"href":"https:\/\/veraib.com\/es\/wp-json\/wp\/v2\/comments?post=8321"}],"version-history":[{"count":12,"href":"https:\/\/veraib.com\/es\/wp-json\/wp\/v2\/pages\/8321\/revisions"}],"predecessor-version":[{"id":10700,"href":"https:\/\/veraib.com\/es\/wp-json\/wp\/v2\/pages\/8321\/revisions\/10700"}],"wp:attachment":[{"href":"https:\/\/veraib.com\/es\/wp-json\/wp\/v2\/media?parent=8321"}],"curies":[{"name":"wp","href":"https:\/\/api.w.org\/{rel}","templated":true}]}}